{"id":4606,"date":"2021-05-10T07:31:54","date_gmt":"2021-05-10T06:31:54","guid":{"rendered":"https:\/\/vinacroatia.hr\/?page_id=4606"},"modified":"2021-05-10T07:31:54","modified_gmt":"2021-05-10T06:31:54","slug":"ueber-uns","status":"publish","type":"page","link":"https:\/\/vinacroatia.hr\/de\/ueber-uns\/","title":{"rendered":"\u00dcber uns"},"content":{"rendered":"\n<p><strong>Der Winzerverband<\/strong> bringt alle Mitglieder zusammen, die an der Pflanzenproduktion (Weinbau) und der Traubenweinproduktion beteiligt sind.\u00a0<\/p>\n\n\n\n<p><strong>Weinverbandsrat<\/strong><\/p>\n\n\n\n<p>Der Rat der Weinvereinigung besteht aus 17 Mitgliedern, die Vertreter der wichtigsten Unternehmen und der Vereinigung der Weinproduktion sind. Der Pr\u00e4sident des Vereins ist Gianfranco Kozlovi\u0107, Kozlovi\u0107 GmbH.<\/p>\n\n\n\n<p>Der Rat der Union hat die Aufgabe, alle aufkommenden Probleme, die allen Unternehmen des Weinbausektors gemeinsam sind, zu analysieren und schnell zu l\u00f6sen, und schl\u00e4gt Ma\u00dfnahmen vor, um sie anzugehen (Marktsituation, Steuer- und Zollpolitik u.\u00e4). Vorschl\u00e4ge f\u00fcr Ma\u00dfnahmen werden regelm\u00e4\u00dfig bei den zust\u00e4ndigen staatlichen Beh\u00f6rden eingereicht.&nbsp;<\/p>\n\n\n\n<p>Dar\u00fcber hinaus arbeitet der Vereinsrat mit dem Ziel, Wein zu brandmarken und den Absatz von Wein auf dem nationalen Markt zu steigern. Der Rat best\u00e4tigt die Vorschl\u00e4ge des Marketingausschusses und hat die M\u00f6glichkeit, \u00c4nderungen in der Arbeit des Rates und des Ausschusses vorzunehmen.&nbsp;<\/p>\n\n\n\n<p><strong>Marketingausschuss<\/strong><\/p>\n\n\n\n<p>Spezifische Probleme einzelner Aktivit\u00e4ten und M\u00e4rkte werden in Ausschusssitzungen analysiert und gel\u00f6st. Innerhalb der Vintners Association, einer zentralen operativen Einrichtung, die auf ihrem Gebiet t\u00e4tig ist und dem Verbandsrat Bericht erstattet, wurde ein Marketingausschuss eingerichtet.&nbsp;<\/p>\n\n\n\n<p>Die Arbeit des Rates der Weinvereinigung und ihrer Gremien ist in der Gesch\u00e4ftsordnung geregelt.&nbsp;<\/p>\n\n\n\n<p>2012 nahm der Weinverband eine Markenstrategie namens \u201eVina Croatia \u2013 vina mosaica\u201c an, die er durch ein klares Ziel, die St\u00e4rke und den Charakter der Marke sowie durch den Wunsch nach einer klaren Positionierung der kroatischen Weine auf dem Weltwein umsetzt.&nbsp;<\/p>\n\n\n\n<p>Ziel des Weinverbandes ist es, Kroatien als erkennbare Quelle f\u00fcr vielf\u00e4ltige und qualitativ hochwertige Weine auf die weltweite Weinkarte zu setzen.&nbsp;<\/p>\n\n\n\n<p>Weine Kroatien werden sich in Bezug auf das historische Erbe von den Weinen der Neuen Welt abheben, in Bezug auf die Einfachheit von den Weinen der Alten Welt, und in Bezug auf die Zug\u00e4nglichkeit von anderen aufstrebenden Weinquellen. &nbsp;<\/p>\n\n\n\n<p>Die St\u00e4rke der kroatischen Weinmarke basiert auf den authentischen urspr\u00fcnglichen Aromen und Urspr\u00fcngen. Dies sind Weine, die den Geschmack des Klimas haben, aus dem sie stammen, wie zum Beispiel:&nbsp;<\/p>\n\n\n\n<ul><li>Tiefer und starker Wein \u201ePlavac Mali\u201c (Blauer Kleiner), der aus den sonnenverw\u00f6hnten H\u00e4ngen der dalmatinischen K\u00fcste kommt, und zum Welterbe geh\u00f6rt&nbsp;<\/li><li>Frischer und duftender Fr\u00fchlingswein Malvasia, der aus den k\u00e4lteren Teilen des mystischen und gr\u00fcnen Istrien kommt<\/li><li>\u201eGra\u0161evina\u201c (Riesling) ist reich an Textur, kommt aus dem reichen Boden und den goldenen Sommern Slawoniens und dem kroatischen Donaubecken<\/li><li>Frischer, lebendiger Wein \u201eBregi\u201c ist im frischen Klima der sonnigen kroatischen H\u00fcgel entstanden<\/li><\/ul>\n\n\n\n<p>Der Charakter der Marke \u201eVina Croatia\u201c (Weine Croatiens) wird die komplexe nat\u00fcrliche und kulturelle Einzigartigkeit Kroatiens verk\u00f6rpern:&nbsp;<\/p>\n\n\n\n<ul><li>Die nat\u00fcrlichen Ressourcen und die geografische Vielfalt Kroatiens bieten eine Vielzahl unterschiedlicher Ziele<\/li><li>das alte Erbe und die kroatische Vision der Zukunft<\/li><li>kroatischen multikulturellen Ursprung und seine Originalit\u00e4t, die sich aus der Verschmelzung verschiedener kulturellen Kreise ergeben<\/li><\/ul>\n\n\n\n<p>Mit diesen Werten schafft Vina Croatia eine neue Marke kroatischen Unternehmertums, die die f\u00fcr den globalen Wettbewerb erforderliche authentische Originalit\u00e4t kombiniert und eine neue Identit\u00e4t f\u00f6rdert, um das kroatische Mosaik zu vereinen.&nbsp;<\/p>\n","protected":false},"excerpt":{"rendered":"<p>Der Winzerverband bringt alle Mitglieder zusammen, die an der Pflanzenproduktion (Weinbau) und der Traubenweinproduktion beteiligt sind.\u00a0 Weinverbandsrat Der Rat der Weinvereinigung besteht aus 17 Mitgliedern, die Vertreter der wichtigsten Unternehmen&#8230;<\/p>\n","protected":false},"author":7,"featured_media":4612,"parent":0,"menu_order":0,"comment_status":"closed","ping_status":"closed","template":"","meta":{"_kad_post_transparent":"","_kad_post_title":"","_kad_post_layout":"","_kad_post_sidebar_id":"","_kad_post_content_style":"","_kad_post_vertical_padding":"","_kad_post_feature":"","_kad_post_feature_position":"","_kad_post_header":false,"_kad_post_footer":false},"_links":{"self":[{"href":"https:\/\/vinacroatia.hr\/de\/wp-json\/wp\/v2\/pages\/4606"}],"collection":[{"href":"https:\/\/vinacroatia.hr\/de\/wp-json\/wp\/v2\/pages"}],"about":[{"href":"https:\/\/vinacroatia.hr\/de\/wp-json\/wp\/v2\/types\/page"}],"author":[{"embeddable":true,"href":"https:\/\/vinacroatia.hr\/de\/wp-json\/wp\/v2\/users\/7"}],"replies":[{"embeddable":true,"href":"https:\/\/vinacroatia.hr\/de\/wp-json\/wp\/v2\/comments?post=4606"}],"version-history":[{"count":0,"href":"https:\/\/vinacroatia.hr\/de\/wp-json\/wp\/v2\/pages\/4606\/revisions"}],"wp:featuredmedia":[{"embeddable":true,"href":"https:\/\/vinacroatia.hr\/de\/wp-json\/wp\/v2\/media\/4612"}],"wp:attachment":[{"href":"https:\/\/vinacroatia.hr\/de\/wp-json\/wp\/v2\/media?parent=4606"}],"curies":[{"name":"wp","href":"https:\/\/api.w.org\/{rel}","templated":true}]}}