{"id":5121,"date":"2021-06-02T13:56:52","date_gmt":"2021-06-02T12:56:52","guid":{"rendered":"https:\/\/vinacroatia.hr\/?page_id=5121"},"modified":"2021-06-02T13:57:10","modified_gmt":"2021-06-02T12:57:10","slug":"weine-kroatien-weine-mosaik","status":"publish","type":"page","link":"https:\/\/vinacroatia.hr\/de\/weine-kroatien-weine-mosaik\/","title":{"rendered":"Weine Kroatien Weine Mosaik"},"content":{"rendered":"\n<p><strong>Weine Kroatien Markenstrategie<\/strong><\/p>\n\n\n\n<p>Definition der Markenorientierung mit st\u00e4ndiger Erinnerung an: Auswahl und Weinentwicklung \u2013 Regional<\/p>\n\n\n\n<p>Fokus und Priorit\u00e4ten \u2013 Branding und Promotion<\/p>\n\n\n\n<p><strong>Ziel<\/strong><\/p>\n\n\n\n<p>Kroatien auf der Weinkarte der Welt als erkennbare Quelle f\u00fcr vielf\u00e4ltige, hochwertige Weine zu setzen<\/p>\n\n\n\n<p><strong>Wettbewerbspositionierung<\/strong><\/p>\n\n\n\n<p>Weine Kroatien werden sich von den Weinen der Neuen Welt in Bezug auf seine historische Erbe abheben, und von den Weinen der Alten Welt in Bezug auf seine Einfachkeit, und von den anderen aufstrebenden Weinquellen in Bezug auf seine Zug\u00e4nglichkeit.<\/p>\n\n\n\n<p><strong>Markenst\u00e4rke<\/strong><\/p>\n\n\n\n<p>Authentische Originalaromen, herrlicher Ursprung \u2013 Weine, die einen Vorgeschmack auf das Klima haben, aus dem sie stammen, wie zum Beispiel:&nbsp;<\/p>\n\n\n\n<ul><li>Tiefer, kr\u00e4ftiger Wein \u201ePlavac Mali\u201c (Blauer Kleiner) mit sonnenverw\u00f6hnten H\u00e4ngen der dalmatischen K\u00fcste, Teil des Weltkulturerbes.<\/li><li>Frischer, duftender Fr\u00fchlingswein \u2013 Malvasia aus den k\u00e4lteren Teilen des mystischen, gr\u00fcnen Istriens<\/li><li>\u201eGra\u0161evina\u201c (Riesling) reich an Textur, aus den reichen B\u00f6den und goldenen Sommern Slawoniens und der kroatischen Donauregion&nbsp;<\/li><li>Frische, lebendige Weine \u201eBregi\u201c, im frischen Klima der sonnigen kroatischen H\u00fcgel entstanden<\/li><\/ul>\n\n\n\n<p><strong>Markencharakter<\/strong><\/p>\n\n\n\n<p><strong>Weine Kroatien <\/strong>werdenKroatiens vielschichtige nat\u00fcrliche und kulturelle Einzigartigkeit verk\u00f6rpern:<\/p>\n\n\n\n<ul><li>Seine nat\u00fcrlichen Ressourcen und seine geografische Vielfalt, die eine Vielzahl unterschiedlicher Reiseziele bietet<\/li><li>Ihr altes Erbe und ihre Vision der Zukunft<\/li><li>Sein multikultureller Ursprung und seine Originalit\u00e4t, die durch die Verschmelzung verschiedener Kulturkreise entstanden ist<\/li><\/ul>\n\n\n\n<p>Mit diesen Werten rufen Weine Kroatien eine neue Marke kroatischen Unternehmertums hervor, die eine authentische Originalit\u00e4t kombiniert, die f\u00fcr einen globalen Wettbewerb erforderlich ist, und eine neue Identit\u00e4t f\u00f6rdert, um das kroatische Mosaik zu vereinen.<br><\/p>\n","protected":false},"excerpt":{"rendered":"<p>Weine Kroatien Markenstrategie Definition der Markenorientierung mit st\u00e4ndiger Erinnerung an: Auswahl und Weinentwicklung \u2013 Regional Fokus und Priorit\u00e4ten \u2013 Branding und Promotion Ziel Kroatien auf der Weinkarte der Welt als&#8230;<\/p>\n","protected":false},"author":7,"featured_media":0,"parent":0,"menu_order":0,"comment_status":"closed","ping_status":"closed","template":"","meta":{"_kad_post_transparent":"","_kad_post_title":"","_kad_post_layout":"","_kad_post_sidebar_id":"","_kad_post_content_style":"","_kad_post_vertical_padding":"","_kad_post_feature":"","_kad_post_feature_position":"","_kad_post_header":false,"_kad_post_footer":false},"_links":{"self":[{"href":"https:\/\/vinacroatia.hr\/de\/wp-json\/wp\/v2\/pages\/5121"}],"collection":[{"href":"https:\/\/vinacroatia.hr\/de\/wp-json\/wp\/v2\/pages"}],"about":[{"href":"https:\/\/vinacroatia.hr\/de\/wp-json\/wp\/v2\/types\/page"}],"author":[{"embeddable":true,"href":"https:\/\/vinacroatia.hr\/de\/wp-json\/wp\/v2\/users\/7"}],"replies":[{"embeddable":true,"href":"https:\/\/vinacroatia.hr\/de\/wp-json\/wp\/v2\/comments?post=5121"}],"version-history":[{"count":1,"href":"https:\/\/vinacroatia.hr\/de\/wp-json\/wp\/v2\/pages\/5121\/revisions"}],"predecessor-version":[{"id":5122,"href":"https:\/\/vinacroatia.hr\/de\/wp-json\/wp\/v2\/pages\/5121\/revisions\/5122"}],"wp:attachment":[{"href":"https:\/\/vinacroatia.hr\/de\/wp-json\/wp\/v2\/media?parent=5121"}],"curies":[{"name":"wp","href":"https:\/\/api.w.org\/{rel}","templated":true}]}}