{"id":5123,"date":"2021-06-02T14:00:50","date_gmt":"2021-06-02T13:00:50","guid":{"rendered":"https:\/\/vinacroatia.hr\/?page_id=5123"},"modified":"2021-06-02T14:00:50","modified_gmt":"2021-06-02T13:00:50","slug":"weinbauverband-kwk-kroatische-wirtschaftskammer","status":"publish","type":"page","link":"https:\/\/vinacroatia.hr\/de\/weinbauverband-kwk-kroatische-wirtschaftskammer\/","title":{"rendered":"Weinbauverband KWK (Kroatische Wirtschaftskammer)"},"content":{"rendered":"\n<p><strong>WEINBAUVERBAND KWK<\/strong><\/p>\n\n\n\n<p><strong>Josip Pavi\u0107<\/strong><\/p>\n\n\n\n<p>Pr\u00e4sident des Weinbauverbandes<br>Weinberge von Erdut GmbH<br>E-Mail;&nbsp;<a href=\"mailto:josip.pavic@erdutski-vinogradi.hr\">josip.pavic@erdutski-vinogradi.hr<\/a><\/p>\n\n\n\n<p><strong>Vanja Kalu\u0111er<\/strong><\/p>\n\n\n\n<p>Gesch\u00e4ftssekr\u00e4ter des Weinbauverbandes<\/p>\n\n\n\n<p>E-Mail:&nbsp;<a href=\"mailto:vkaludjer@hgk.hr\">vkaludjer@hgk.hr<\/a><br>Tel: +385 1 4561 642&nbsp;<br>Mob: +385 91 2300 303<br>KROATISCHE WIRTSCHAFTSKAMMER<\/p>\n\n\n\n<p>Roosevelt-Platz 2<\/p>\n\n\n\n<p>Zagreb<\/p>\n","protected":false},"excerpt":{"rendered":"<p>WEINBAUVERBAND KWK Josip Pavi\u0107 Pr\u00e4sident des WeinbauverbandesWeinberge von Erdut GmbHE-Mail;&nbsp;josip.pavic@erdutski-vinogradi.hr Vanja Kalu\u0111er Gesch\u00e4ftssekr\u00e4ter des Weinbauverbandes E-Mail:&nbsp;vkaludjer@hgk.hrTel: +385 1 4561 642&nbsp;Mob: +385 91 2300 303KROATISCHE WIRTSCHAFTSKAMMER Roosevelt-Platz 2 Zagreb<\/p>\n","protected":false},"author":7,"featured_media":0,"parent":0,"menu_order":0,"comment_status":"closed","ping_status":"closed","template":"","meta":{"_kad_post_transparent":"","_kad_post_title":"","_kad_post_layout":"","_kad_post_sidebar_id":"","_kad_post_content_style":"","_kad_post_vertical_padding":"","_kad_post_feature":"","_kad_post_feature_position":"","_kad_post_header":false,"_kad_post_footer":false},"_links":{"self":[{"href":"https:\/\/vinacroatia.hr\/de\/wp-json\/wp\/v2\/pages\/5123"}],"collection":[{"href":"https:\/\/vinacroatia.hr\/de\/wp-json\/wp\/v2\/pages"}],"about":[{"href":"https:\/\/vinacroatia.hr\/de\/wp-json\/wp\/v2\/types\/page"}],"author":[{"embeddable":true,"href":"https:\/\/vinacroatia.hr\/de\/wp-json\/wp\/v2\/users\/7"}],"replies":[{"embeddable":true,"href":"https:\/\/vinacroatia.hr\/de\/wp-json\/wp\/v2\/comments?post=5123"}],"version-history":[{"count":1,"href":"https:\/\/vinacroatia.hr\/de\/wp-json\/wp\/v2\/pages\/5123\/revisions"}],"predecessor-version":[{"id":5124,"href":"https:\/\/vinacroatia.hr\/de\/wp-json\/wp\/v2\/pages\/5123\/revisions\/5124"}],"wp:attachment":[{"href":"https:\/\/vinacroatia.hr\/de\/wp-json\/wp\/v2\/media?parent=5123"}],"curies":[{"name":"wp","href":"https:\/\/api.w.org\/{rel}","templated":true}]}}