{"id":5126,"date":"2021-06-04T13:46:41","date_gmt":"2021-06-04T12:46:41","guid":{"rendered":"https:\/\/vinacroatia.hr\/?page_id=5126"},"modified":"2021-06-15T07:54:51","modified_gmt":"2021-06-15T06:54:51","slug":"kroatische-weinregionen","status":"publish","type":"page","link":"https:\/\/vinacroatia.hr\/de\/kroatische-weinregionen\/","title":{"rendered":"Kroatische Weinregionen"},"content":{"rendered":"\n<p>Die g\u00fcnstige geographische Lage, die Vielfalt des Klimas und die idealen bodenkundlichen Bedingungen f\u00fcr den Weinanbau machten das Gebiet der Republik Kroatien au\u00dfergew\u00f6hnlich geeignet f\u00fcr die Entwicklung des Weinbaus und der Weinherstellung im Laufe der Geschichte. Zahlreiche arch\u00e4ologische St\u00e4tten und historische Aufzeichnungen sind Zeugen vergangener Zeiten, als die Griechen, Illyrer und R\u00f6mer die Weinbaukultur und Wein genie\u00dfen verbreiteten.&nbsp;<\/p>\n\n\n\n<p>Kroatien ist wie kein anderes Weinland von vier verschiedenen Regionen gepr\u00e4gt, die auf spezifischen Sonneneinstrahlungseigenschaften aufbauen, die f\u00fcr einen erfolgreichen Weinanbau erforderlich sind. In jeder dieser Regionen spiegelt sich der Einfluss des Mittelmeers, der Alpen und der Pannonischen Tiefebene wider. Auf relativ kleinem Raum, der sich von S\u00fcden nach Norden erstreckt, baut das sonnige Dalmatien an das kroatische Istrien und den Kvarner auf.&nbsp; Zentrales h\u00fcgeliges Kroatien liegt im nordwestlichen kontinentalen Teil zwischen Bergen und H\u00fcgeln, die von den Alpen und den Dinarischen Alpen abfallen. Sie reichen \u00fcber sanfte H\u00e4nge des slawonischen Gebirges bis nach Slawonien und den kroatischen Teil des Donaubeckens im \u00e4u\u00dfersten Osten des Landes \u2013 und erreichen schlie\u00dflich das Donauufer. &nbsp;<\/p>\n\n\n\n<p>Die Klimavielfalt erm\u00f6glicht eine breite Palette von Weinstilen und verschiedenen Weinsorten.&nbsp; Gra\u0161evina (Welschriesling) ist die am h\u00e4ufigsten angebaute kroatische Rebsorte, die haupts\u00e4chlich im Landesinneren angebaut wird, um verschiedene Weinsorten zu produzieren, die von leichten und frischen, prickelnden, aromareichen Weinen \u00fcber junge bis hin zu vollmundigen, komplexen und gereiften Gra\u0161evina reichen. Neben Chardonnay, Grauburgunder, Traminer, Gr\u00fcner Silvaner und Sauvignon beheimatet das Landesinnere auch viele einheimische Rebsorten wie \u0160krlet, Kle\u0161\u010dec oder Kraljevina, die typisch f\u00fcr einzelne Weinbau-Subregionen sind. Eine ebenso gro\u00dfe Herausforderung besteht darin, die besten Rotweine aus Sp\u00e4tburgunder, Blaufr\u00e4nkisch, Merlot oder Cabernet Sauvignon zu entdecken. Istrien ist stolz auf Malvasia, zusammen mit Teran, Borgonja, Muscat Rose und Mu\u0161kat Momjanski. An der Adriak\u00fcste gibt es Tausende von Inseln, die ihre einheimischen Rebsorten wie \u017dlahtina (Chasselas), Mara\u0161tina, Po\u0161ip, Grk, Babi\u0107, Plavina oder Plavac Mali beherbergen, die im besonders attraktiven Dinga\u010d-Gebiet angebaut werden, sowie die weltweit beliebte kroatische Sorte Crljenak Ka\u0161telanski (Zinfandel). &nbsp;<\/p>\n\n\n\n<div class=\"wp-block-group\"><div class=\"wp-block-group__inner-container\">\n<div class=\"wp-block-columns\">\n<div class=\"wp-block-column\">\n<p><strong>Slawonien und kroatische Donauregion:<\/strong>&nbsp;<\/p>\n\n\n\n<ul><li>\u00f6stliches kontinentales Kroatien &nbsp;<\/li><li>Kroatische Donauregion&nbsp; &nbsp;<\/li><li>Slawonien<\/li><\/ul>\n<\/div>\n\n\n\n<div class=\"wp-block-column\">\n<p><strong>Istrien und Kvarner:<\/strong><\/p>\n\n\n\n<ul><li>K\u00fcsten Kroatien<\/li><li>kroatisches Istrien<\/li><li>kroatische K\u00fcste<\/li><\/ul>\n<\/div>\n<\/div>\n<\/div><\/div>\n\n\n\n<div class=\"wp-block-group\"><div class=\"wp-block-group__inner-container\">\n<div class=\"wp-block-columns\">\n<div class=\"wp-block-column\">\n<p><strong><strong>Zentrales h\u00fcgeliges Kroatien:&nbsp; &nbsp; &nbsp;<\/strong><\/strong><\/p>\n\n\n\n<ul><li>westliches kontinentales Kroatien &nbsp; &nbsp;<\/li><li>Moslavina &nbsp;<\/li><li>Prigorje-Bilogora &nbsp;<\/li><li>Ple\u0161ivica<\/li><li>Pokuplje<\/li><li>Zagorje-Me\u0111imurje<\/li><\/ul>\n<\/div>\n\n\n\n<div class=\"wp-block-column\">\n<p><strong><strong>Dalmatien<\/strong><\/strong>:<\/p>\n\n\n\n<ul><li>Norddalmatien<\/li><li>Dalmatinische Hintergrund (Zagora)&nbsp;<\/li><li>Mittel- und S\u00fcddalmatien<\/li><li>Dinga\u010d<\/li><\/ul>\n<\/div>\n<\/div>\n<\/div><\/div>\n","protected":false},"excerpt":{"rendered":"<p>Die g\u00fcnstige geographische Lage, die Vielfalt des Klimas und die idealen bodenkundlichen Bedingungen f\u00fcr den Weinanbau machten das Gebiet der Republik Kroatien au\u00dfergew\u00f6hnlich geeignet f\u00fcr die Entwicklung des Weinbaus und&#8230;<\/p>\n","protected":false},"author":7,"featured_media":4770,"parent":0,"menu_order":0,"comment_status":"closed","ping_status":"closed","template":"","meta":{"_kad_post_transparent":"","_kad_post_title":"","_kad_post_layout":"","_kad_post_sidebar_id":"","_kad_post_content_style":"","_kad_post_vertical_padding":"","_kad_post_feature":"","_kad_post_feature_position":"","_kad_post_header":false,"_kad_post_footer":false},"_links":{"self":[{"href":"https:\/\/vinacroatia.hr\/de\/wp-json\/wp\/v2\/pages\/5126"}],"collection":[{"href":"https:\/\/vinacroatia.hr\/de\/wp-json\/wp\/v2\/pages"}],"about":[{"href":"https:\/\/vinacroatia.hr\/de\/wp-json\/wp\/v2\/types\/page"}],"author":[{"embeddable":true,"href":"https:\/\/vinacroatia.hr\/de\/wp-json\/wp\/v2\/users\/7"}],"replies":[{"embeddable":true,"href":"https:\/\/vinacroatia.hr\/de\/wp-json\/wp\/v2\/comments?post=5126"}],"version-history":[{"count":3,"href":"https:\/\/vinacroatia.hr\/de\/wp-json\/wp\/v2\/pages\/5126\/revisions"}],"predecessor-version":[{"id":5329,"href":"https:\/\/vinacroatia.hr\/de\/wp-json\/wp\/v2\/pages\/5126\/revisions\/5329"}],"wp:featuredmedia":[{"embeddable":true,"href":"https:\/\/vinacroatia.hr\/de\/wp-json\/wp\/v2\/media\/4770"}],"wp:attachment":[{"href":"https:\/\/vinacroatia.hr\/de\/wp-json\/wp\/v2\/media?parent=5126"}],"curies":[{"name":"wp","href":"https:\/\/api.w.org\/{rel}","templated":true}]}}