{"id":5264,"date":"2016-03-25T13:35:28","date_gmt":"2016-03-25T12:35:28","guid":{"rendered":"https:\/\/vinacroatia.hr\/?page_id=5264"},"modified":"2021-06-15T07:43:17","modified_gmt":"2021-06-15T06:43:17","slug":"slawonien-und-kroatische-donauregion","status":"publish","type":"page","link":"https:\/\/vinacroatia.hr\/de\/kroatische-weinregionen\/slawonien-und-kroatische-donauregion\/","title":{"rendered":"Slawonien und kroatische Donauregion"},"content":{"rendered":"\n<img loading=\"lazy\" class=\"regije-logo-page alignnone wp-image-2917 size-full\" src=\"\/wp-content\/uploads\/2018\/02\/slavonija_en.svg\" alt=\"\" width=\"1315\" height=\"1315\">\n\n\n\n<p>Es wird vermutet, dass die Kelten in der vorr\u00f6mischen Zeit, im 4. Jahrhundert vor Christi im Weinanbaugebiet Slawoniens und kroatischer Donauregion Weinrebe angebaut haben. Die historischen Daten \u00fcber den Weinanbau und die Weinherstellung gehen jedoch auf den r\u00f6mischen Kaiser Marcus Aurelius zur\u00fcck, der ein Weinbauverbot aufhob und seine Legionen ermutigte, Weinberge an den H\u00e4ngen der Fru\u0161ka Gora zu pflanzen. Arch\u00e4ologische Funde weisen eindeutig darauf hin, dass in diesem Gebiet Weinsorten angebaut und Wein produziert wurden. Es gibt eine Meinung, dass die R\u00f6mer das Po\u017eega-Tal, das sich im Zentrum Slawoniens befindet, gerade wegen der bl\u00fchenden Weinberge Vallis Aurea nannten.<\/p>\n\n\n\n<p>Dieses Gebiet genie\u00dft ein gem\u00e4\u00dfigtes kontinentales Klima, das sich durch regelm\u00e4\u00dfige Wechsel der Jahreszeiten und optimale Umweltbedingungen f\u00fcr den Weinanbau auszeichnet. Die Donauregion ist vor allem durch die sanft geschwungenen H\u00e4nge der Fru\u0161ka Gora im Gebiet Ilok, des Bansko Brdo in Baranja und des steil zur Donau abfallenden Dalj-H\u00fcgels gepr\u00e4gt. Drei au\u00dfergew\u00f6hnliche Weinbaugebiete sind mit der Donau verbunden: Syrmia, Erdut und Baranja. Weinbaugebiete der Subregion Slawonien: Kutjevo, Po\u017eega -Pleternica, Pakrac, Daruvar, Nova Gradi\u0161ka, Slavonski Brod, \u0110akovo, Feri\u010danci, Orahovica -Slatina und Virovitica liegen an den H\u00e4ngen des slawonischen Gebirges, die aus folgenden Gebirgen bestehen: Psunj, Papuk (ein UNESCO-gesch\u00fctzter Geopark), Krndija, Dilj Gora und Po\u017ee\u0161ka Gora, und auf diese Weise das ganze Po\u017eega-Tal umkreisen. Die Weinberge erstrecken sich auf sanften H\u00e4ngen auf einer H\u00f6he von 150 bis 450 Metern. Diese Region umfasst die gr\u00f6\u00dften Rebfl\u00e4chen in der Republik Kroatien, und seine zahlreichen Winzer produzieren einige der besten Weine der Welt in kontinentalem Klima.&nbsp;<\/p>\n\n\n\n<p>Gra\u0161evina (Welschriesling) ist die f\u00fchrende Rebsorte in unz\u00e4hligen Variationen von Schaumweinen, frischen, leichten und jungen bis zu den komplexen, gereiften und k\u00f6rperreichen Weinen, und allen Pr\u00e4dikatsweinen, je nach Anbaugebiet und Weinbauweise. Die Vielfalt der Region beg\u00fcnstigt den Anbau vieler Wei\u00dfweinsorten wie Chardonnay, Grauburgunder, Wei\u00dfburgunder, Sauvignon, Traminer, Heiner Gr\u00fcner, M\u00fcller-Thurgau, Gr\u00fcner Silvaner, Rheinriesling und Gelber Muskatteller. In letzter Zeit haben sich zahlreiche hochwertige Rotweine wie Pinot Noir, Merlot, Blaufr\u00e4nkisch, Cabernet Sauvignon, Cabernet Franc, Zweigelt, Portugieser und sogar Syrah durchgesetzt. Obwohl Gra\u0161evina (Welschriesling) und wei\u00dfe Rebsorten \u00fcber Rotweine herrschen, passen viele Rotweine hervorragend zur traditionellen K\u00fcche der Region.&nbsp;<\/p>\n","protected":false},"excerpt":{"rendered":"<p>Es wird vermutet, dass die Kelten in der vorr\u00f6mischen Zeit, im 4. Jahrhundert vor Christi im Weinanbaugebiet Slawoniens und kroatischer Donauregion Weinrebe angebaut haben. Die historischen Daten \u00fcber den Weinanbau&#8230;<\/p>\n","protected":false},"author":1,"featured_media":4712,"parent":5126,"menu_order":0,"comment_status":"closed","ping_status":"closed","template":"","meta":{"_kad_post_transparent":"","_kad_post_title":"","_kad_post_layout":"","_kad_post_sidebar_id":"","_kad_post_content_style":"","_kad_post_vertical_padding":"","_kad_post_feature":"","_kad_post_feature_position":"","_kad_post_header":false,"_kad_post_footer":false},"_links":{"self":[{"href":"https:\/\/vinacroatia.hr\/de\/wp-json\/wp\/v2\/pages\/5264"}],"collection":[{"href":"https:\/\/vinacroatia.hr\/de\/wp-json\/wp\/v2\/pages"}],"about":[{"href":"https:\/\/vinacroatia.hr\/de\/wp-json\/wp\/v2\/types\/page"}],"author":[{"embeddable":true,"href":"https:\/\/vinacroatia.hr\/de\/wp-json\/wp\/v2\/users\/1"}],"replies":[{"embeddable":true,"href":"https:\/\/vinacroatia.hr\/de\/wp-json\/wp\/v2\/comments?post=5264"}],"version-history":[{"count":6,"href":"https:\/\/vinacroatia.hr\/de\/wp-json\/wp\/v2\/pages\/5264\/revisions"}],"predecessor-version":[{"id":5322,"href":"https:\/\/vinacroatia.hr\/de\/wp-json\/wp\/v2\/pages\/5264\/revisions\/5322"}],"up":[{"embeddable":true,"href":"https:\/\/vinacroatia.hr\/de\/wp-json\/wp\/v2\/pages\/5126"}],"wp:featuredmedia":[{"embeddable":true,"href":"https:\/\/vinacroatia.hr\/de\/wp-json\/wp\/v2\/media\/4712"}],"wp:attachment":[{"href":"https:\/\/vinacroatia.hr\/de\/wp-json\/wp\/v2\/media?parent=5264"}],"curies":[{"name":"wp","href":"https:\/\/api.w.org\/{rel}","templated":true}]}}