{"id":2272,"date":"2017-08-28T11:54:10","date_gmt":"2017-08-28T10:54:10","guid":{"rendered":"https:\/\/vinacroatia.hr\/?page_id=2272&#038;lang=en"},"modified":"2018-03-02T10:14:08","modified_gmt":"2018-03-02T09:14:08","slug":"varieties","status":"publish","type":"page","link":"https:\/\/vinacroatia.hr\/en\/croatian-vines\/varieties\/","title":{"rendered":"Varieties"},"content":{"rendered":"<p><span style=\"color: #800000;\"><span id=\"result_box\" class=\"\" lang=\"en\"><span class=\"alt-edited\">Cultivars that can be found in Croatia: 200<\/span><br \/>\n<span class=\"\">Listed as recognized on the official list of the Republic of Croatia: 198<\/span><br \/>\n<span class=\"alt-edited\">Indigenous varieties: 60<\/span><\/span><\/span><\/p>\n<p><span id=\"result_box\" class=\"\" lang=\"en\"><span class=\"\">Main domestic varieties:<\/span><\/span><\/p>\n<p><span style=\"color: #800000;\">GRA\u0160EVINA\u00a0<\/span> &#8211; 4.511,8 ha (<span id=\"result_box\" class=\"\" lang=\"en\"><span class=\"alt-edited\">approx<\/span><\/span> 23 % o<span id=\"result_box\" class=\"short_text\" lang=\"en\"><span class=\"\">f the total vineyard area of Croatia<\/span><\/span>),<img loading=\"lazy\" class=\" wp-image-360 alignleft\" src=\"https:\/\/vinacroatia.hr\/wp-content\/uploads\/2016\/11\/grasevina-165x220.jpg\" alt=\"grasevina\" width=\"241\" height=\"322\" \/><\/p>\n<p>Gra\u0161evina is the most common variety in Croatia. Its characteristics range from delicate, refreshing wines in West Slavonia to opulent, dry, fresh and mineral wines from Central Slavonia and mature, powerful, full bodied wines that come from the Croatian Danube region. Sweet predicate wines from selected dried berries and<br \/>\nice wines that can age for decades are the jewels of this region. Gra\u0161evina can be found in other countries under various names, but only in Croatia does it stand for a premium quality wine that is always listed at the very top of a winemaker\u2019s portfolio. We like to say that Gra\u0161evina has found its home in Croatia.<\/p>\n<p>&nbsp;<\/p>\n<p>Other varieties from Slavonia and Croatian Danube:<br \/>\nWhites: Traminer, Chardonnay, Pinot Blanc, Pinot Gris, Sauvignon Blanc<br \/>\nReds: <span id=\"result_box\" class=\"\" lang=\"en\"><span class=\"alt-edited\">Blaufr\u00e4nkisch<\/span><\/span>, Cabernet Sauvignon, Merlot, Cabernet Franc, Zweigelt, Purtugizec (Blauer Portugieser), Pinot Noir, Syrah<\/p>\n<p>&nbsp;<\/p>\n<p><span style=\"color: #800000;\">MALVASIA ISTARIANA<\/span> &#8211; 1.662,5 ha (<span id=\"result_box\" class=\"\" lang=\"en\"><span class=\"alt-edited\">approx<\/span><\/span> 8 %, o<span id=\"result_box\" class=\"short_text\" lang=\"en\"><span class=\"\">f the total vineyard area of Croatia<\/span><\/span>),<img loading=\"lazy\" class=\"wp-image-359 alignleft\" src=\"https:\/\/vinacroatia.hr\/wp-content\/uploads\/2016\/11\/malvazija_istarska-165x220.jpg\" alt=\"malvazija-istarska\" width=\"241\" height=\"322\" \/><\/p>\n<p>Malvasia is a bright, fragrant, spring-like white wine from the cooler air of mystical, green Istria. At the moment, this is Croatia\u2019s most successful variety. It is one of the few varieties of dry white wine that has the potential to age for more than a decade and keep its great form, especially when it comes from top wineries. Malvasia<br \/>\ncomes in two styles. It can be fresh, which is instantly recognizable by its IQ label, a certificate of high quality. This wine is intended for consumption within 3 years from the harvest. It is characterized by an abundance of fruity aromas, the most common being peach, citrus or banana, and a full, strong taste of mineral, with a<br \/>\nrefreshing, mildly bitter aftertaste. Malvasia is also capable of aging in a variety of wooden barrels. These can be made of either oak or acacia, and, depending on the wine maker, differ in size. Depending on the winemaking process and aging, it is ready for sale no sooner than two years from the harvest and can maintain high levels of quality for as much as ten years.<\/p>\n<p>Other varieties from Istria and Kvarner:<br \/>\nWhites: \u017dlahtina, Muscat, Chardonnay<br \/>\nReds: Teran, Sansigot, Merlot, Cabernet Franc, Cabernet Sauvignon, Syrah<\/p>\n<p>&nbsp;<\/p>\n<p><span style=\"color: #800000;\">PLAVAC\u00a0 MALI<\/span> \u2013 1.550,2 ha (<span id=\"result_box\" class=\"\" lang=\"en\"><span class=\"alt-edited\">approx<\/span><\/span> 8 %, o<span id=\"result_box\" class=\"short_text\" lang=\"en\"><span class=\"\">f the total vineyard area of Croatia<\/span><\/span>),<img loading=\"lazy\" class=\" wp-image-358 alignleft\" src=\"https:\/\/vinacroatia.hr\/wp-content\/uploads\/2016\/11\/plavac_mali-171x220.jpg\" alt=\"plavac-mali\" width=\"242\" height=\"312\" \/><\/p>\n<p><span class=\"alt-edited\"><span class=\"\">Plavac Mali is used to craft some of the finest Croatian red wines, especially when it comes from the barren, steep southern slopes of Southern and Central Dalmatia facing the sea, from positions such as Dingac, Ivan Dolac or Postup. These locales are the home of the most famous and priciest labels, wines that are often powerful, alcoholic, full-bodied and opulent. Further inland, Plavac is used to make fruitier,<br \/>\nlighter, juicier, everyday wines to be enjoyed with a variety of cuisines.<\/span><\/span><\/p>\n<p>&nbsp;<\/p>\n<p>&nbsp;<\/p>\n<p>Other varieties from Dalmatia:<br \/>\nWhites: Po\u0161i\u0161, Grk, Debit, Vugava, Kujundu\u0161a, Mara\u0161tina, Malvasija Dubrovacka, Prc, Bogdanu\u0161a, Gegi\u0107<br \/>\nReds: Babi\u0107, Tribidrag, Plavina, Lasina, Drneku\u0161a, Dobrici\u0107, Trnjak<\/p>\n<p>&nbsp;<\/p>\n<p><span style=\"color: #800000;\"><span id=\"result_box\" class=\"\" lang=\"en\"><span class=\"\">\u00a0<\/span><\/span><\/span><\/p>\n<p>&nbsp;<\/p>\n<hr \/>\n<p>&nbsp;<\/p>\n","protected":false},"excerpt":{"rendered":"<p>Cultivars that can be found in Croatia: 200 Listed as recognized on the official list of the Republic of Croatia: 198 Indigenous varieties: 60 Main domestic varieties: GRA\u0160EVINA\u00a0 &#8211; 4.511,8&#8230;<\/p>\n","protected":false},"author":5,"featured_media":1891,"parent":2242,"menu_order":0,"comment_status":"closed","ping_status":"closed","template":"","meta":{"_kad_post_transparent":"","_kad_post_title":"","_kad_post_layout":"","_kad_post_sidebar_id":"","_kad_post_content_style":"","_kad_post_vertical_padding":"","_kad_post_feature":"","_kad_post_feature_position":"","_kad_post_header":false,"_kad_post_footer":false},"_links":{"self":[{"href":"https:\/\/vinacroatia.hr\/en\/wp-json\/wp\/v2\/pages\/2272"}],"collection":[{"href":"https:\/\/vinacroatia.hr\/en\/wp-json\/wp\/v2\/pages"}],"about":[{"href":"https:\/\/vinacroatia.hr\/en\/wp-json\/wp\/v2\/types\/page"}],"author":[{"embeddable":true,"href":"https:\/\/vinacroatia.hr\/en\/wp-json\/wp\/v2\/users\/5"}],"replies":[{"embeddable":true,"href":"https:\/\/vinacroatia.hr\/en\/wp-json\/wp\/v2\/comments?post=2272"}],"version-history":[{"count":0,"href":"https:\/\/vinacroatia.hr\/en\/wp-json\/wp\/v2\/pages\/2272\/revisions"}],"up":[{"embeddable":true,"href":"https:\/\/vinacroatia.hr\/en\/wp-json\/wp\/v2\/pages\/2242"}],"wp:featuredmedia":[{"embeddable":true,"href":"https:\/\/vinacroatia.hr\/en\/wp-json\/wp\/v2\/media\/1891"}],"wp:attachment":[{"href":"https:\/\/vinacroatia.hr\/en\/wp-json\/wp\/v2\/media?parent=2272"}],"curies":[{"name":"wp","href":"https:\/\/api.w.org\/{rel}","templated":true}]}}