{"id":2404,"date":"2017-09-01T13:10:17","date_gmt":"2017-09-01T12:10:17","guid":{"rendered":"https:\/\/vinacroatia.hr\/?page_id=2404\/"},"modified":"2018-02-27T16:39:15","modified_gmt":"2018-02-27T15:39:15","slug":"fairs-2017","status":"publish","type":"page","link":"https:\/\/vinacroatia.hr\/en\/fairs-and-projects\/fairs-2017\/","title":{"rendered":"Fairs 2017"},"content":{"rendered":"<p><span id=\"result_box\" class=\"\" lang=\"en\"><span class=\"\">The 2017 Wine Association promotion plan in Fairs for the EU and foreign markets:<\/span><\/span><\/p>\n<p>Beowine fair, Belgrad, Srbija, 23. &#8211; 26. 2. 2017.<br \/>\n2. CROwine &amp; food FEST PRAGUE, Prag, \u010ce\u0161ka, 02. 02. 2017.<br \/>\nProwein, Dusseldorf, Germany, 19. &#8211; 21. 3. 2017.<br \/>\nVINEXPO, Bordeaux, France, 18. &#8211; 21. 6. 2017.<\/p>\n<p>&nbsp;<\/p>\n<p><span id=\"result_box\" class=\"\" lang=\"en\"><span class=\"\">The Wine Association will join the co-organized promotion of Croatian wine at the following domestic events during 2017:<\/span><\/span><br \/>\nZagreb &#8211; \u2018\u2019En Primeur&#8221; Malvazije i \u017dlahtine, <span id=\"result_box\" class=\"\" lang=\"en\"><span class=\"\">February<\/span><\/span> 2017., Zagreb<br \/>\nZagreb &#8211; \u2018\u2019En Primeur&#8221;\u00a0 Gra\u0161evine, Pu\u0161ipela, Po\u0161ipa, <span id=\"result_box\" class=\"\" lang=\"en\"><span class=\"\">February<\/span><\/span> 2017., Zagreb<br \/>\n<a href=\"http:\/\/www.vinistra.hr\/Default-EN.aspx\" target=\"_blank\" rel=\"noopener\">Wine Fair &#8211; Vinistra &#8211; Istra &amp; Kvarner, May 2017., Pore\u010d<\/a><br \/>\n<a href=\"http:\/\/www.kutjevacki-vinari.hr\/dogadjaji-i-vijesti\/o-dogadjaju\/festival-grasevine-2017.-simpozij-o-grasevini\" target=\"_blank\" rel=\"noopener\">Festival Gra\u0161evine\u00a0&#8211; Slavonija i Podunavlje, June 2017.,Kutjevo<\/a><br \/>\n<a href=\"http:\/\/vino.com.hr\/vinoCOM\/\" target=\"_blank\" rel=\"noopener\">VinoCom &#8211; Zagreb &#8211; Bregovita Hrvatska<\/a>, <a href=\"http:\/\/vino.com.hr\/vinoCOM\/\" target=\"_blank\" rel=\"noopener\">November 2017., Zagreb<\/a><\/p>\n","protected":false},"excerpt":{"rendered":"<p>The 2017 Wine Association promotion plan in Fairs for the EU and foreign markets: Beowine fair, Belgrad, Srbija, 23. &#8211; 26. 2. 2017. 2. CROwine &amp; food FEST PRAGUE, Prag,&#8230;<\/p>\n","protected":false},"author":5,"featured_media":756,"parent":2304,"menu_order":1,"comment_status":"closed","ping_status":"closed","template":"t-sajmovi.php","meta":{"_kad_post_transparent":"","_kad_post_title":"","_kad_post_layout":"","_kad_post_sidebar_id":"","_kad_post_content_style":"","_kad_post_vertical_padding":"","_kad_post_feature":"","_kad_post_feature_position":"","_kad_post_header":false,"_kad_post_footer":false},"_links":{"self":[{"href":"https:\/\/vinacroatia.hr\/en\/wp-json\/wp\/v2\/pages\/2404"}],"collection":[{"href":"https:\/\/vinacroatia.hr\/en\/wp-json\/wp\/v2\/pages"}],"about":[{"href":"https:\/\/vinacroatia.hr\/en\/wp-json\/wp\/v2\/types\/page"}],"author":[{"embeddable":true,"href":"https:\/\/vinacroatia.hr\/en\/wp-json\/wp\/v2\/users\/5"}],"replies":[{"embeddable":true,"href":"https:\/\/vinacroatia.hr\/en\/wp-json\/wp\/v2\/comments?post=2404"}],"version-history":[{"count":0,"href":"https:\/\/vinacroatia.hr\/en\/wp-json\/wp\/v2\/pages\/2404\/revisions"}],"up":[{"embeddable":true,"href":"https:\/\/vinacroatia.hr\/en\/wp-json\/wp\/v2\/pages\/2304"}],"wp:featuredmedia":[{"embeddable":true,"href":"https:\/\/vinacroatia.hr\/en\/wp-json\/wp\/v2\/media\/756"}],"wp:attachment":[{"href":"https:\/\/vinacroatia.hr\/en\/wp-json\/wp\/v2\/media?parent=2404"}],"curies":[{"name":"wp","href":"https:\/\/api.w.org\/{rel}","templated":true}]}}