{"id":4581,"date":"2021-05-10T06:11:02","date_gmt":"2021-05-10T05:11:02","guid":{"rendered":"https:\/\/vinacroatia.hr\/?page_id=4581"},"modified":"2021-05-13T11:45:42","modified_gmt":"2021-05-13T10:45:42","slug":"organizations-contacts-and-links","status":"publish","type":"page","link":"https:\/\/vinacroatia.hr\/en\/wine-association-at-the-croatian-chamber-of-economy\/organizations-contacts-and-links\/","title":{"rendered":"Organizations \u2013 Contacts and Links"},"content":{"rendered":"\n<p><strong>REGIONAL WINE ORGANIZATIONS IN CROATIA<\/strong><\/p>\n\n\n\n<h2 class=\"has-text-align-left\">1. Regional organization Vino Dalmacije (Region Dalmatia)<\/h2>\n\n\n\n<p>Address; Trumbi\u0107eva obala 4, 21 000 Split<\/p>\n\n\n\n<p>President: Mr. Ivica Kova\u010devi\u0107<\/p>\n\n\n\n<p>Cell: +38598422570<\/p>\n\n\n\n<p>Email: <a href=\"mailto:ivica.kovacevic@stina-vino.hr\">ivica.kovacevic@stina-vino.hr<\/a><\/p>\n\n\n\n<h2 class=\"has-text-align-left\">2. Regional organization Gra\u0161evina Croatica (Region Slavonia and Croatian Danube)<\/h2>\n\n\n\n<p>Address: Europske avenije 13, 31000 Osijek<\/p>\n\n\n\n<p>President: Mr. Josip Pavi\u0107<\/p>\n\n\n\n<p>Cell: -+85914512709<\/p>\n\n\n\n<p>Email: <a href=\"mailto:josip.pavic@erdutski-vinogradi.hr\">josip.pavic@erdutski-vinogradi.hr<\/a><\/p>\n\n\n\n<h2 class=\"has-text-align-left\">3. Regional organization Vinistra (Region Istria)<\/h2>\n\n\n\n<p>Address: Prolaz E.Jelu\u0161i\u0107a 1, 52000 Pazin<\/p>\n\n\n\n<p>President: Mr. Nikola Benvenuti<\/p>\n\n\n\n<p>Cell: +385981975651<\/p>\n\n\n\n<p>Email: <a href=\"mailto:info@benvenutivina.com\">info@benvenutivina.com<\/a><\/p>\n\n\n\n<h2 class=\"has-text-align-left\">4. Regional organization Bregovita Hrvatska (Region Croatian Uplands)<\/h2>\n\n\n\n<p>Address: Rooseveltov trg 2, 10000 Zagreb<\/p>\n\n\n\n<p>President: Marko Miklau\u017ei\u0107<\/p>\n\n\n\n<p>Cell: +38598262439<\/p>\n\n\n\n<p>Email: <a href=\"mailto:miklauzicmarko3@gmail.com\">miklauzicmarko3@gmail.com<\/a><\/p>\n","protected":false},"excerpt":{"rendered":"<p>REGIONAL WINE ORGANIZATIONS IN CROATIA 1. Regional organization Vino Dalmacije (Region Dalmatia) Address; Trumbi\u0107eva obala 4, 21 000 Split President: Mr. Ivica Kova\u010devi\u0107 Cell: +38598422570 Email: ivica.kovacevic@stina-vino.hr 2. Regional organization&#8230;<\/p>\n","protected":false},"author":7,"featured_media":0,"parent":4859,"menu_order":0,"comment_status":"closed","ping_status":"closed","template":"","meta":{"_kad_post_transparent":"","_kad_post_title":"","_kad_post_layout":"","_kad_post_sidebar_id":"","_kad_post_content_style":"","_kad_post_vertical_padding":"","_kad_post_feature":"","_kad_post_feature_position":"","_kad_post_header":false,"_kad_post_footer":false},"_links":{"self":[{"href":"https:\/\/vinacroatia.hr\/en\/wp-json\/wp\/v2\/pages\/4581"}],"collection":[{"href":"https:\/\/vinacroatia.hr\/en\/wp-json\/wp\/v2\/pages"}],"about":[{"href":"https:\/\/vinacroatia.hr\/en\/wp-json\/wp\/v2\/types\/page"}],"author":[{"embeddable":true,"href":"https:\/\/vinacroatia.hr\/en\/wp-json\/wp\/v2\/users\/7"}],"replies":[{"embeddable":true,"href":"https:\/\/vinacroatia.hr\/en\/wp-json\/wp\/v2\/comments?post=4581"}],"version-history":[{"count":0,"href":"https:\/\/vinacroatia.hr\/en\/wp-json\/wp\/v2\/pages\/4581\/revisions"}],"up":[{"embeddable":true,"href":"https:\/\/vinacroatia.hr\/en\/wp-json\/wp\/v2\/pages\/4859"}],"wp:attachment":[{"href":"https:\/\/vinacroatia.hr\/en\/wp-json\/wp\/v2\/media?parent=4581"}],"curies":[{"name":"wp","href":"https:\/\/api.w.org\/{rel}","templated":true}]}}