{"id":4845,"date":"2016-03-25T13:37:55","date_gmt":"2016-03-25T12:37:55","guid":{"rendered":"https:\/\/vinacroatia.hr\/regulations-and-statistical-data\/nacionalno-i-eu-zakonodavstvo\/"},"modified":"2021-05-12T12:52:32","modified_gmt":"2021-05-12T11:52:32","slug":"national-and-eu-legislation","status":"publish","type":"page","link":"https:\/\/vinacroatia.hr\/en\/regulations-and-statistical-data\/national-and-eu-legislation\/","title":{"rendered":"National and EU Legislation"},"content":{"rendered":"\n<p>a\u017eurirano 10\/05\/2021<\/p>\n\n\n\n<p><strong>EU zakonodavstvo<\/strong><\/p>\n\n\n\n<figure class=\"wp-block-table\"><table><tbody><tr><td><strong>propis<\/strong><\/td><td><strong>poveznica<\/strong><\/td><td><strong>napomena<\/strong><\/td><\/tr><tr><td>UREDBA (EU) br. 1308\/2013 EUROPSKOG PARLAMENTA I VIJE\u0106A od 17. prosinca 2013. o uspostavljanju zajedni\u010dke organizacije tr\u017ei\u0161ta poljoprivrednih proizvoda i stavljanju izvan snage uredbi Vije\u0107a (EEZ) br. 922\/72, (EEZ) br. 234\/79, (EZ) br. 1037\/2001 i (EZ) br. 1234\/2007<\/td><td><a href=\"https:\/\/eur-lex.europa.eu\/legal-content\/HR\/TXT\/PDF\/?uri=CELEX:02013R1308-20201229&amp;from=EN\" target=\"_blank\" rel=\"noopener\">1308\/2013<\/a><br>pro\u010di\u0161\u0107eni tekst 29\/12\/2020<\/td><td>glavna uredba<\/td><\/tr><tr><td>DELEGIRANA UREDBA KOMISIJE (EU) 2019\/33 \u043ed 17. listopada 2018. o dopuni Uredbe (EU) br. 1308\/2013 Europskog parlamenta i Vije\u0107a u pogledu zahtjeva za za\u0161titu oznaka izvornosti, oznaka zemljopisnog podrijetla i tradicionalnih izraza u sektoru vina, postupka podno\u0161enja prigovora, ograni\u010denja upotrebe, izmjena specifikacija proizvoda, poni\u0161tenja za\u0161tite te ozna\u010divanja i prezentiranja<\/td><td><a href=\"https:\/\/eur-lex.europa.eu\/legal-content\/HR\/TXT\/PDF\/?uri=CELEX:02019R0033-20190111&amp;from=EN\" target=\"_blank\" rel=\"noopener\">2019\/33<\/a><br>pro\u010di\u0161\u0107eni tekst 11\/01\/2019<\/td><td>za\u0161tita oznaka<\/td><\/tr><tr><td>PROVEDBENA UREDBA KOMISIJE (EU) 2019\/34 \u043ed 17. listopada 2018. o utvr\u0111ivanju pravila za primjenu Uredbe (EU) br. 1308\/2013 Europskog parlamenta i Vije\u0107a u pogledu zahtjeva za za\u0161titu oznaka izvornosti, oznaka zemljopisnog podrijetla i tradicionalnih izraza u sektoru vina, postupka podno\u0161enja prigovora, izmjena specifikacija proizvoda, registra za\u0161ti\u0107enih naziva, poni\u0161tenja za\u0161tite i upotrebe simbola te Uredbe (EU) br. 1306\/2013 Europskog parlamenta i Vije\u0107a u pogledu odgovaraju\u0107eg sustava provjera<\/td><td><a href=\"https:\/\/eur-lex.europa.eu\/legal-content\/HR\/TXT\/PDF\/?uri=CELEX:32019R0034&amp;from=EN\" target=\"_blank\" rel=\"noopener\">2019\/34<\/a><br><br><\/td><td>za\u0161tita oznaka<\/td><\/tr><tr><td>DELEGIRANA UREDBA KOMISIJE (EU) 2019\/934 \u043ed 12. o\u017eujka 2019. o dopuni Uredbe (EU) br. 1308\/2013 Europskog parlamenta i Vije\u0107a u pogledu vinogradarskih podru\u010dja u kojima se mo\u017ee pove\u0107ati alkoholna jakost, odobrenih enolo\u0161kih postupaka i ograni\u010denja primjenjivih na proizvodnju i \u010duvanje proizvoda od vinove loze, najmanjeg postotka alkohola za nusproizvode i njihova odlaganja te objave zapisa OIV-a<\/td><td><a href=\"https:\/\/eur-lex.europa.eu\/legal-content\/HR\/TXT\/PDF\/?uri=CELEX:02019R0934-20190627&amp;from=EN\" target=\"_blank\" rel=\"noopener\">2019\/934<\/a><br>pro\u010di\u0161\u0107eni tekst 27\/06\/2019<\/td><td>enolo\u0161ke prakse<\/td><\/tr><tr><td>PROVEDBENA UREDBA KOMISIJE (EU) 2019\/935 \u043ed 16. travnja 2019. o utvr\u0111ivanju pravila za primjenu Uredbe (EU) br. 1308\/2013 Europskog parlamenta i Vije\u0107a u pogledu metoda analize za odre\u0111ivanje fizi\u010dkih, kemijskih i organolepti\u010dkih svojstava proizvoda od vinove loze te obavje\u0161\u0107ivanja o odlukama dr\u017eava \u010dlanica o pove\u0107anju prirodne alkoholne jakosti<\/td><td><a href=\"https:\/\/eur-lex.europa.eu\/legal-content\/HR\/TXT\/PDF\/?uri=CELEX:32019R0935&amp;from=EN\" target=\"_blank\" rel=\"noopener\">2019\/935<\/a><br><\/td><td>enolo\u0161ke prakse<\/td><\/tr><tr><td>DELEGIRANA UREDBA KOMISIJE (EU) 2016\/1149 \u043ed 15. travnja 2016. o dopuni Uredbe (EU) br. 1308\/2013 Europskog parlamenta i Vije\u0107a u pogledu nacionalnih programa potpore u sektoru vina i izmjeni Uredbe Komisije (EZ) br. 555\/2008<\/td><td><a href=\"https:\/\/eur-lex.europa.eu\/legal-content\/HR\/TXT\/PDF\/?uri=CELEX:02016R1149-20210303&amp;from=EN\" target=\"_blank\" rel=\"noopener\">2016\/1149<\/a><br>pro\u010di\u0161\u0107eni tekst 03\/03\/2021<\/td><td>program pomo\u0107i<\/td><\/tr><tr><td>PROVEDBENA UREDBA KOMISIJE (EU) 2016\/1150 \u043ed 15. travnja 2016. o utvr\u0111ivanju pravila za primjenu Uredbe (EU) br. 1308\/2013 Europskog parlamenta i Vije\u0107a u pogledu nacionalnih programa potpore u sektoru vina<\/td><td><a href=\"https:\/\/eur-lex.europa.eu\/legal-content\/HR\/TXT\/PDF\/?uri=CELEX:02016R1150-20170218&amp;from=EN\" target=\"_blank\" rel=\"noopener\">2016\/1150<\/a><br>pro\u010di\u0161\u0107eni tekst 18\/02\/2017<\/td><td>program pomo\u0107i<\/td><\/tr><tr><td>DELEGIRANA UREDBA KOMISIJE (EU) 2020\/592 \u043ed 30. travnja 2020. o privremenim izvanrednim mjerama kojima se odstupa od odre\u0111enih odredaba Uredbe (EU) br. 1308\/2013 Europskog parlamenta i Vije\u0107a radi odgovora na tr\u017ei\u0161ne poreme\u0107aje u sektoru vo\u0107a i povr\u0107a i sektoru vina koji su uzrokovani pandemijom bolesti COVID-19 i s njome povezanim mjerama<\/td><td><a href=\"https:\/\/eur-lex.europa.eu\/legal-content\/HR\/TXT\/PDF\/?uri=CELEX:02020R0592-20201016&amp;qid=1619077281793&amp;from=EN\" target=\"_blank\" rel=\"noopener\">2020\/592<\/a><br>pro\u010di\u0161\u0107eni tekst 16\/10\/2020<\/td><td>program pomo\u0107i<\/td><\/tr><tr><td>DELEGIRANA UREDBA KOMISIJE (EU) 2018\/273 \u043ed 11. prosinca 2017. o dopuni Uredbe (EU) br. 1308\/2013 Europskog parlamenta i Vije\u0107a u pogledu programa odobravanja sadnje vinove loze, registra vinograda, prate\u0107ih dokumenata i certificiranja, ulaznog i izlaznog registra, obveznih izjava, obavijesti i objave informacija o kojima se obavje\u0161tava te o dopuni Uredbe (EU) br. 1306\/2013 Europskog parlamenta i Vije\u0107a u pogledu odgovaraju\u0107ih kontrola i kazni, o izmjeni uredaba Komisije (EZ) br. 555\/2008, (EZ) br. 606\/2009 i (EZ) br. 607\/2009 i o stavljanju izvan snage Uredbe Komisije (EZ) br. 436\/2009 i Delegirane uredbe Komisije (EU) 2015\/560<\/td><td><a href=\"https:\/\/eur-lex.europa.eu\/legal-content\/HR\/TXT\/PDF\/?uri=CELEX:02018R0273-20190613&amp;from=EN\" target=\"_blank\" rel=\"noopener\">2018\/273<\/a><br>pro\u010di\u0161\u0107eni tekst 13\/06\/2019<\/td><td>vinogradarski registar, prate\u0107i dokumenti<\/td><\/tr><tr><td>PROVEDBENA UREDBA KOMISIJE (EU) 2018\/274 \u043ed 11. prosinca 2017. o utvr\u0111ivanju pravila za primjenu Uredbe (EU) br. 1308\/2013 Europskog parlamenta i Vije\u0107a u pogledu programa odobravanja nasada vinove loze, certificiranja, ulaznog i izlaznog registra, obveznih izjava i obavijesti te Uredbe (EU) br. 1306\/2013 Europskog parlamenta i Vije\u0107a u pogledu odgovaraju\u0107ih provjera i o stavljanju izvan snage Provedbene uredbe Komisije (EU) 2015\/561<\/td><td><a href=\"https:\/\/eur-lex.europa.eu\/legal-content\/HR\/TXT\/PDF\/?uri=CELEX:02018R0274-20201115&amp;from=EN\" target=\"_blank\" rel=\"noopener\">2018\/274<\/a><br>pro\u010di\u0161\u0107eni tekst 15\/11\/2020<\/td><td>vinogradarski registar, prate\u0107i dokumenti<\/td><\/tr><\/tbody><\/table><\/figure>\n\n\n\n<p><strong>HR zakonodavstvo<\/strong><\/p>\n\n\n\n<figure class=\"wp-block-table\"><table><tbody><tr><td><strong>propis<\/strong><\/td><td><strong>poveznica<\/strong><\/td><td><strong>napomena<\/strong><\/td><\/tr><tr><td>Zakon o vinu<\/td><td><a href=\"https:\/\/narodne-novine.nn.hr\/clanci\/sluzbeni\/2019_03_32_641.html\" target=\"_blank\" rel=\"noopener\">NN 32\/19<\/a><\/td><td><br><\/td><\/tr><tr><td>Zakon o poljoprivredi<\/td><td><a href=\"https:\/\/narodne-novine.nn.hr\/clanci\/sluzbeni\/2018_12_118_2343.html\" target=\"_blank\" rel=\"noopener\">NN 118\/18<\/a>, <a href=\"https:\/\/narodne-novine.nn.hr\/clanci\/sluzbeni\/2020_04_42_893.html\" target=\"_blank\" rel=\"noopener\">42\/20<\/a><\/td><td><br><\/td><\/tr><tr><td>Nacionalni program pomo\u0107i sektoru vina za razdoblje od 2019. do 2023. godine<\/td><td><a href=\"https:\/\/poljoprivreda.gov.hr\/UserDocsImages\/dokumenti\/poljoprivreda\/vinogradarstvo\/nac_program_pomoci_2014_2015\/Nacionalni%2520program%2520pomo%25C4%2587i%2520sektoru%2520vina%2520za%2520razdoblje%2520od%25202019%2520do%25202023%2520godine.pdf\" target=\"_blank\" rel=\"noopener\">Odluka VRH 03\/01\/2019<\/a>, <a href=\"https:\/\/poljoprivreda.gov.hr\/UserDocsImages\/dokumenti\/poljoprivreda\/vinogradarstvo\/nac_program_pomoci_2014_2015\/Izmjena_i_dopuna_Nacionalnog_programa_pomoci_sektoru_vina_za2019do2023.pdf\" target=\"_blank\" rel=\"noopener\">25\/06\/2020<\/a>, <a href=\"https:\/\/poljoprivreda.gov.hr\/UserDocsImages\/dokumenti\/poljoprivreda\/vinogradarstvo\/nac_program_pomoci_2014_2015\/Izmjena_i_dopuna_Nacionalnog_programa_pomoci_sektoru_vina_za2019do2023_092020.pdf\" target=\"_blank\" rel=\"noopener\">10\/09\/2020<\/a>, <a href=\"https:\/\/poljoprivreda.gov.hr\/UserDocsImages\/dokumenti\/poljoprivreda\/vinogradarstvo\/nac_program_pomoci_2014_2015\/Izmjena%2520i%2520dopuna%2520Nacionalnog%2520programa%2520pomo%25C4%2587i%2520sektoru%2520vina%2520za%2520razdoblje%2520od%25202019.%2520do%25202023.%2520godine-%2520travanj%25202021..pdf\" target=\"_blank\" rel=\"noopener\">29\/04\/2021<\/a><\/td><td>program pomo\u0107i sektoru vina<\/td><\/tr><tr><td>Pravilnik o registru vinograda, obveznim izjavama, prate\u0107im dokumentima, podrumskoj evidenciji i proizvodnom potencijalu<\/td><td><a href=\"https:\/\/narodne-novine.nn.hr\/clanci\/sluzbeni\/2014_04_48_925.html\" target=\"_blank\" rel=\"noopener\">NN 48\/14<\/a>, <a href=\"https:\/\/narodne-novine.nn.hr\/clanci\/sluzbeni\/2014_07_83_1616.html\" target=\"_blank\" rel=\"noopener\">83\/14<\/a>, <a href=\"https:\/\/narodne-novine.nn.hr\/clanci\/sluzbeni\/2014_12_147_2768.html\" target=\"_blank\" rel=\"noopener\">147\/14<\/a>, <a href=\"https:\/\/narodne-novine.nn.hr\/clanci\/sluzbeni\/2016_11_110_2426.html\" target=\"_blank\" rel=\"noopener\">110\/16<\/a>, <a href=\"https:\/\/narodne-novine.nn.hr\/clanci\/sluzbeni\/2017_12_127_2884.html\" target=\"_blank\" rel=\"noopener\">127\/17<\/a><\/td><td>program pomo\u0107i sektoru vina<\/td><\/tr><tr><td>Pravilnik o provedbi mjere Ulaganja u vinarije i marketing vina iz Nacionalnog programa pomo\u0107i sektoru vina za razdoblje od 2019. do 2023. godine<\/td><td><a href=\"https:\/\/narodne-novine.nn.hr\/clanci\/sluzbeni\/2019_03_21_440.html\" target=\"_blank\" rel=\"noopener\">NN 21\/19<\/a>, <a href=\"https:\/\/narodne-novine.nn.hr\/clanci\/sluzbeni\/2020_02_21_521.html\" target=\"_blank\" rel=\"noopener\">21\/20<\/a><\/td><td>program pomo\u0107i sektoru vina<\/td><\/tr><tr><td>Pravilnik o provedbi mjere Promid\u017eba na tr\u017ei\u0161tima tre\u0107ih zemalja iz Nacionalnog programa pomo\u0107i sektoru vina za razdoblje od 2019. do 2023. godine<\/td><td><a href=\"https:\/\/narodne-novine.nn.hr\/clanci\/sluzbeni\/2019_02_16_339.html\" target=\"_blank\" rel=\"noopener\">NN 16\/19<\/a>, <a href=\"https:\/\/narodne-novine.nn.hr\/clanci\/sluzbeni\/2020_10_112_2210.html\" target=\"_blank\" rel=\"noopener\">112\/20<\/a><\/td><td>program pomo\u0107i sektoru vina<\/td><\/tr><tr><td>Pravilnik o provedbi mjere Restrukturiranje i konverzija vinograda iz Nacionalnog programa pomo\u0107i sektoru vina za razdoblje od 2019. do 2023. godine<\/td><td><a href=\"https:\/\/narodne-novine.nn.hr\/clanci\/sluzbeni\/2019_03_26_530.html\" target=\"_blank\" rel=\"noopener\">NN 26\/19<\/a>, <a href=\"https:\/\/narodne-novine.nn.hr\/clanci\/sluzbeni\/2020_02_21_522.html\" target=\"_blank\" rel=\"noopener\">21\/20<\/a>, <a href=\"https:\/\/narodne-novine.nn.hr\/clanci\/sluzbeni\/2021_03_24_538.html\" target=\"_blank\" rel=\"noopener\">24\/21<\/a><\/td><td>program pomo\u0107i sektoru vina<\/td><\/tr><tr><td>Pravilnik o provedbi mjere Informiranje u dr\u017eavama \u010dlanicama iz Nacionalnog programa pomo\u0107i sektoru vina za razdoblje od 2019. do 2023. godine<\/td><td><a href=\"https:\/\/narodne-novine.nn.hr\/clanci\/sluzbeni\/2019_01_8_171.html\" target=\"_blank\" rel=\"noopener\">NN 8\/19<\/a>, <a href=\"https:\/\/narodne-novine.nn.hr\/clanci\/sluzbeni\/2020_03_31_679.html\" target=\"_blank\" rel=\"noopener\">31\/20<\/a><\/td><td>program pomo\u0107i sektoru vina<\/td><\/tr><tr><td>Pravilnik o Nacionalnoj listi priznatih kultivara vinove loze<\/td><td><a href=\"https:\/\/narodne-novine.nn.hr\/clanci\/sluzbeni\/2020_03_25_616.html\" target=\"_blank\" rel=\"noopener\">NN 25\/20<\/a><\/td><td>priznati kultivari<\/td><\/tr><tr><td>Pravilnik o zemljopisnim podru\u010djima uzgoja vinove loze<\/td><td><a href=\"https:\/\/narodne-novine.nn.hr\/clanci\/sluzbeni\/2019_08_76_1603.html\" target=\"_blank\" rel=\"noopener\">NN 76\/19<\/a><\/td><td>zemljopisna podru\u010dja uzgoja loze<\/td><\/tr><tr><td>Lista zemljopisnih oznaka<\/td><td><a href=\"https:\/\/narodne-novine.nn.hr\/clanci\/sluzbeni\/2017_07_64_1475.html\" target=\"_blank\" rel=\"noopener\">NN 64\/17<\/a><\/td><td>propisi koji ostaju na snazi do dono\u0161enja novih podzakonskih akata temeljem Zakona o vinu, NN 32\/19<\/td><\/tr><tr><td>Popis ovla\u0161tenih laboratorija<\/td><td><a href=\"https:\/\/narodne-novine.nn.hr\/clanci\/sluzbeni\/2017_05_49_1127.html\" target=\"_blank\" rel=\"noopener\">NN 49\/17<\/a><\/td><\/tr><tr><td>Pravilnik o uvjetima analize mo\u0161ta, vina, drugih proizvoda od gro\u017e\u0111a i vina, te vo\u0107nih vina i drugih proizvoda na bazi vo\u0107nih vina, osim odredbi \u010dlanaka 2. do 6. i \u010dlanaka 12., 13. i 13a.<\/td><td><a href=\"https:\/\/narodne-novine.nn.hr\/clanci\/sluzbeni\/2004_07_102_1989.html\" target=\"_blank\" rel=\"noopener\">NN 102\/04<\/a>, <a href=\"https:\/\/narodne-novine.nn.hr\/clanci\/sluzbeni\/2005_05_64_1216.html\" target=\"_blank\" rel=\"noopener\">64\/05<\/a><\/td><\/tr><tr><td><a href=\"https:\/\/www.zakon.hr\/cms.htm?id=3878\" target=\"_blank\" rel=\"noopener\">Pravilnik o organolepti\u010dkom (senzornom) ocjenjivanju vina i vo\u0107nih vina, osim odredbi \u010dlanaka 2., 3. i 4.<\/a><\/td><td><a href=\"https:\/\/narodne-novine.nn.hr\/clanci\/sluzbeni\/2004_07_106_2061.html\" target=\"_blank\" rel=\"noopener\">NN 106\/04<\/a>, <a href=\"https:\/\/narodne-novine.nn.hr\/clanci\/sluzbeni\/2012_12_137_2908.html\" target=\"_blank\" rel=\"noopener\">137\/12<\/a>, <a href=\"https:\/\/narodne-novine.nn.hr\/clanci\/sluzbeni\/2013_11_142_3052.html\" target=\"_blank\" rel=\"noopener\">142\/13<\/a>, <a href=\"https:\/\/narodne-novine.nn.hr\/clanci\/sluzbeni\/2014_04_48_928.html\" target=\"_blank\" rel=\"noopener\">48\/14<\/a>, <a href=\"https:\/\/narodne-novine.nn.hr\/clanci\/sluzbeni\/2015_01_1_16.html\" target=\"_blank\" rel=\"noopener\">1\/15<\/a><\/td><\/tr><tr><td><a href=\"https:\/\/www.zakon.hr\/cms.htm?id=3878\" target=\"_blank\" rel=\"noopener\">Pravilnik o proizvodnji vina, osim odredbi \u010dlanaka 11., 27., 28. i 29.<\/a><\/td><td><a href=\"https:\/\/narodne-novine.nn.hr\/clanci\/sluzbeni\/2005_01_2_17.html\" target=\"_blank\" rel=\"noopener\">NN 2\/05<\/a>, <a href=\"https:\/\/narodne-novine.nn.hr\/clanci\/sluzbeni\/2008_11_137_3851.html\" target=\"_blank\" rel=\"noopener\">137\/08<\/a>, <a href=\"https:\/\/narodne-novine.nn.hr\/clanci\/sluzbeni\/2014_04_48_927.html\" target=\"_blank\" rel=\"noopener\">48\/14<\/a><\/td><\/tr><tr><td>Lista tradicionalnih izraza za vino<\/td><td><a href=\"https:\/\/narodne-novine.nn.hr\/clanci\/sluzbeni\/2007_09_96_2857.html\" target=\"_blank\" rel=\"noopener\">NN 96\/07<\/a>, <a href=\"https:\/\/narodne-novine.nn.hr\/clanci\/sluzbeni\/2010_05_62_1980.html\" target=\"_blank\" rel=\"noopener\">62\/10<\/a>, <a href=\"https:\/\/narodne-novine.nn.hr\/clanci\/sluzbeni\/2010_12_133_3460.html\" target=\"_blank\" rel=\"noopener\">133\/10<\/a>, <a href=\"https:\/\/narodne-novine.nn.hr\/clanci\/sluzbeni\/2011_02_14_280.html\" target=\"_blank\" rel=\"noopener\">14\/11<\/a>, <a href=\"https:\/\/narodne-novine.nn.hr\/clanci\/sluzbeni\/2012_05_52_1283.html\" target=\"_blank\" rel=\"noopener\">52\/12<\/a>, <a href=\"https:\/\/narodne-novine.nn.hr\/clanci\/sluzbeni\/2013_06_75_1513.html\" target=\"_blank\" rel=\"noopener\">75\/13<\/a>, <a href=\"https:\/\/narodne-novine.nn.hr\/clanci\/sluzbeni\/2013_11_138_2959.html\" target=\"_blank\" rel=\"noopener\">138\/13<\/a>, <a href=\"https:\/\/narodne-novine.nn.hr\/clanci\/sluzbeni\/2017_04_42_971.html\" target=\"_blank\" rel=\"noopener\">42\/17<\/a>, <a href=\"https:\/\/narodne-novine.nn.hr\/clanci\/sluzbeni\/2017_05_49_1137.html\" target=\"_blank\" rel=\"noopener\">49\/17<\/a><\/td><\/tr><tr><td>Pravilnik o superanalizi vina, vo\u0107nih vina i drugih proizvoda od vina i vo\u0107nih vina<\/td><td><a href=\"https:\/\/narodne-novine.nn.hr\/clanci\/sluzbeni\/2008_06_71_2374.html\" target=\"_blank\" rel=\"noopener\">NN 71\/08<\/a>, <a href=\"https:\/\/narodne-novine.nn.hr\/clanci\/sluzbeni\/2014_10_121_2320.html\" target=\"_blank\" rel=\"noopener\">121\/14<\/a><\/td><\/tr><tr><td>Pravilnik o stavljanju u promet vina i vina sa za\u0161ti\u0107enom oznakom izvornosti<\/td><td><a href=\"https:\/\/narodne-novine.nn.hr\/clanci\/sluzbeni\/2013_11_142_3050.html\" target=\"_blank\" rel=\"noopener\">NN 142\/13<\/a>, <a href=\"https:\/\/narodne-novine.nn.hr\/clanci\/sluzbeni\/2014_04_49_946.html\" target=\"_blank\" rel=\"noopener\">49\/14<\/a><\/td><\/tr><tr><td>Pravilnik o registru vinograda, obveznim izjavama, prate\u0107im dokumentima, podrumskoj evidenciji i proizvodnom potencijalu<\/td><td><a href=\"https:\/\/narodne-novine.nn.hr\/clanci\/sluzbeni\/2014_04_48_925.html\" target=\"_blank\" rel=\"noopener\">NN 48\/14<\/a>, <a href=\"https:\/\/narodne-novine.nn.hr\/clanci\/sluzbeni\/2014_07_83_1616.html\" target=\"_blank\" rel=\"noopener\">83\/14<\/a>, <a href=\"https:\/\/narodne-novine.nn.hr\/clanci\/sluzbeni\/2014_12_147_2768.html\" target=\"_blank\" rel=\"noopener\">147\/14<\/a>, <a href=\"https:\/\/narodne-novine.nn.hr\/clanci\/sluzbeni\/2016_11_110_2426.html\" target=\"_blank\" rel=\"noopener\">110\/16<\/a>, <a href=\"https:\/\/narodne-novine.nn.hr\/clanci\/sluzbeni\/2017_12_127_2884.html\" target=\"_blank\" rel=\"noopener\">127\/17<\/a><\/td><\/tr><tr><td>Pravilnik o kategorijama proizvoda od gro\u017e\u0111a i vina, enolo\u0161kim postupcima i ograni\u010denjima, osim odredbi \u010dlanka 6. stavaka 1., 4. i 7.<\/td><td><a href=\"https:\/\/narodne-novine.nn.hr\/clanci\/sluzbeni\/2010_10_114_3010.html\" target=\"_blank\" rel=\"noopener\">NN 114\/10<\/a><\/td><\/tr><tr><td>Pravilnik o za\u0161ti\u0107enim oznakama izvornosti i za\u0161ti\u0107enim oznakama zemljopisnog podrijetla, tradicionalnim izrazima i ozna\u010davanju vina<\/td><td><a href=\"https:\/\/narodne-novine.nn.hr\/clanci\/sluzbeni\/2010_12_141_3583.html\" target=\"_blank\" rel=\"noopener\">NN 141\/10<\/a>, <a href=\"https:\/\/narodne-novine.nn.hr\/clanci\/sluzbeni\/2011_03_31_699.html\" target=\"_blank\" rel=\"noopener\">31\/11<\/a>, <a href=\"https:\/\/narodne-novine.nn.hr\/clanci\/sluzbeni\/2011_07_78_1660.html\" target=\"_blank\" rel=\"noopener\">78\/11<\/a>, <a href=\"https:\/\/narodne-novine.nn.hr\/clanci\/sluzbeni\/2012_10_120_2607.html\" target=\"_blank\" rel=\"noopener\">120\/12<\/a><\/td><\/tr><tr><td>Pravilnik o ozna\u010davanju vina oznakom sorte vinove loze<\/td><td><a href=\"https:\/\/narodne-novine.nn.hr\/clanci\/sluzbeni\/2017_08_79_1960.html\" target=\"_blank\" rel=\"noopener\">NN 79\/17<\/a><\/td><\/tr><tr><td>Pravilnik o slu\u017ebenim kontrolama gro\u017e\u0111a, mo\u0161ta, vina, vo\u0107nih vina i aromatiziranih proizvoda od vina, osim odredbi \u010dlanka 7.<\/td><td><a href=\"https:\/\/narodne-novine.nn.hr\/clanci\/sluzbeni\/2018_03_28_579.html\" target=\"_blank\" rel=\"noopener\">NN 28\/18<\/a><\/td><\/tr><\/tbody><\/table><\/figure>\n","protected":false},"excerpt":{"rendered":"<p>a\u017eurirano 10\/05\/2021 EU zakonodavstvo propis poveznica napomena UREDBA (EU) br. 1308\/2013 EUROPSKOG PARLAMENTA I VIJE\u0106A od 17. prosinca 2013. o uspostavljanju zajedni\u010dke organizacije tr\u017ei\u0161ta poljoprivrednih proizvoda i stavljanju izvan snage&#8230;<\/p>\n","protected":false},"author":1,"featured_media":0,"parent":4843,"menu_order":0,"comment_status":"closed","ping_status":"closed","template":"","meta":{"_kad_post_transparent":"","_kad_post_title":"","_kad_post_layout":"","_kad_post_sidebar_id":"","_kad_post_content_style":"","_kad_post_vertical_padding":"","_kad_post_feature":"","_kad_post_feature_position":"","_kad_post_header":false,"_kad_post_footer":false},"_links":{"self":[{"href":"https:\/\/vinacroatia.hr\/en\/wp-json\/wp\/v2\/pages\/4845"}],"collection":[{"href":"https:\/\/vinacroatia.hr\/en\/wp-json\/wp\/v2\/pages"}],"about":[{"href":"https:\/\/vinacroatia.hr\/en\/wp-json\/wp\/v2\/types\/page"}],"author":[{"embeddable":true,"href":"https:\/\/vinacroatia.hr\/en\/wp-json\/wp\/v2\/users\/1"}],"replies":[{"embeddable":true,"href":"https:\/\/vinacroatia.hr\/en\/wp-json\/wp\/v2\/comments?post=4845"}],"version-history":[{"count":0,"href":"https:\/\/vinacroatia.hr\/en\/wp-json\/wp\/v2\/pages\/4845\/revisions"}],"up":[{"embeddable":true,"href":"https:\/\/vinacroatia.hr\/en\/wp-json\/wp\/v2\/pages\/4843"}],"wp:attachment":[{"href":"https:\/\/vinacroatia.hr\/en\/wp-json\/wp\/v2\/media?parent=4845"}],"curies":[{"name":"wp","href":"https:\/\/api.w.org\/{rel}","templated":true}]}}