{"id":5671,"date":"2021-10-19T14:42:29","date_gmt":"2021-10-19T13:42:29","guid":{"rendered":"https:\/\/vinacroatia.hr\/?page_id=5671"},"modified":"2021-10-19T14:42:30","modified_gmt":"2021-10-19T13:42:30","slug":"past-events","status":"publish","type":"page","link":"https:\/\/vinacroatia.hr\/en\/past-events\/","title":{"rendered":"Past Events"},"content":{"rendered":"<!=========Events list Template 1.9.1=========><div id=\"ect-events-list-content\"><div id=\"list-wrp\" class=\"ect-list-wrapper all\"><div id=\"event-4602\" class=\"ect-list-post style-1 ect-simple-event\"><div class=\"ect-list-post-left \">\r\n\t\t\t\t<div class=\"ect-list-img\" style=\"background-image:url('https:\/\/vinacroatia.hr\/wp-content\/uploads\/2021\/05\/207307-480800735302007-478420358-n.jpg');background-size:cover;\"><a href=\"https:\/\/vinacroatia.hr\/en\/event\/xxvi-medunarodni-marko-polo-festival-pisme-i-vina-korcula-2021\/\" alt=\"XXVI. me\u0111unarodni Marko Polo festival pisme i vina &#8211; Kor\u010dula 2021.\" rel=\"bookmark\"><div class=\"ect-list-date\"><div class=\"ect-date-area default-schedule\"><span class=\"ev-day\">16<\/span>\r\n\t\t\t\t\t<span class=\"ev-mo\">July<\/span>\r\n\t\t\t\t\t<span class=\"ev-yr\">2021<\/span><\/div><\/div><\/a><\/div><\/div><!-- left-post close --><div class=\"ect-list-post-right\">\r\n\t\t\t\t<div class=\"ect-list-post-right-table\"><div class=\"ect-list-description\"><h2 class=\"ect-list-title\"><a class=\"ect-event-url\" href=\"https:\/\/vinacroatia.hr\/en\/event\/xxvi-medunarodni-marko-polo-festival-pisme-i-vina-korcula-2021\/\" rel=\"bookmark\">XXVI. me\u0111unarodni Marko Polo festival pisme i vina &#8211; Kor\u010dula 2021.<\/a><\/h2><!-- Event Content --><div class=\"ect-event-content\"><p>Ovogodi\u0161nji\u00a0 XXVI. Me\u0111unarodni Marko Polo Fest, festival pisme i vina odr\u017eati \u0107emo 16., 17. i 18. srpnja 2021. godine u Gradu Kor\u010duli pod pokroviteljstvom Ministarstva turizma i sporta, Ministarstva poljoprivrede,...<\/p>\n<a href=\"https:\/\/vinacroatia.hr\/en\/event\/xxvi-medunarodni-marko-polo-festival-pisme-i-vina-korcula-2021\/\" class=\"ect-events-read-more\" rel=\"bookmark\">Find out more &raquo;<\/a><\/div><\/div><div class=\"ect-list-venue default-venue\"><span class=\"ect-icon\"><i class=\"ect-icon-location\"><\/i><\/span><!-- Event Venue Info -->\r\n                 <span class=\"ect-venue-details ect-address\">\r\n                 <div>Kor\u010dula,<span class=\"tribe-address\">\n\n\n\n\n\n\n<\/span>\n<\/div><\/span><\/div><\/div><\/div><!-- right-wrapper close --><\/div><!-- event-loop-end --><div id=\"event-5304\" class=\"ect-list-post style-1 ect-simple-event\"><div class=\"ect-list-post-left \">\r\n\t\t\t\t<div class=\"ect-list-img\" style=\"background-image:url('https:\/\/vinacroatia.hr\/wp-content\/uploads\/2021\/06\/vinistra.png');background-size:cover;\"><a href=\"https:\/\/vinacroatia.hr\/en\/event\/announcement-of-27th-vinistra\/\" alt=\"Announcement of 27th Vinistra\" rel=\"bookmark\"><div class=\"ect-list-date\"><div class=\"ect-date-area default-schedule\"><span class=\"ev-day\">18<\/span>\r\n\t\t\t\t\t<span class=\"ev-mo\">June<\/span>\r\n\t\t\t\t\t<span class=\"ev-yr\">2021<\/span><\/div><\/div><\/a><\/div><\/div><!-- left-post close --><div class=\"ect-list-post-right\">\r\n\t\t\t\t<div class=\"ect-list-post-right-table\"><div class=\"ect-list-description\" style=\"width:100%;\"><h2 class=\"ect-list-title\"><a class=\"ect-event-url\" href=\"https:\/\/vinacroatia.hr\/en\/event\/announcement-of-27th-vinistra\/\" rel=\"bookmark\">Announcement of 27th Vinistra<\/a><\/h2><!-- Event Content --><div class=\"ect-event-content\"><p>For the first time in the Pe\u0161kera bay in Pore\u010d! Book the days from 18th to 20th June 2021. After a one-year break, Vinistra is finally returning to Pore\u010d. For...<\/p>\n<a href=\"https:\/\/vinacroatia.hr\/en\/event\/announcement-of-27th-vinistra\/\" class=\"ect-events-read-more\" rel=\"bookmark\">Find out more &raquo;<\/a><\/div><\/div><\/div><\/div><!-- right-wrapper close --><\/div><!-- event-loop-end --><div id=\"event-4604\" class=\"ect-list-post style-1 ect-simple-event\"><div class=\"ect-list-post-left \">\r\n\t\t\t\t<div class=\"ect-list-img\" style=\"background-image:url('https:\/\/vinacroatia.hr\/wp-content\/uploads\/2021\/04\/festival-traminca-fotka-1024x768.jpg');background-size:cover;\"><a href=\"https:\/\/vinacroatia.hr\/en\/event\/festival-traminca-3-0\/\" alt=\"Festival traminca 3.0\" rel=\"bookmark\"><div class=\"ect-list-date\"><div class=\"ect-date-area default-schedule\"><span class=\"ev-day\">21<\/span>\r\n\t\t\t\t\t<span class=\"ev-mo\">May<\/span>\r\n\t\t\t\t\t<span class=\"ev-yr\">2021<\/span><\/div><\/div><\/a><\/div><\/div><!-- left-post close --><div class=\"ect-list-post-right\">\r\n\t\t\t\t<div class=\"ect-list-post-right-table\"><div class=\"ect-list-description\"><h2 class=\"ect-list-title\"><a class=\"ect-event-url\" href=\"https:\/\/vinacroatia.hr\/en\/event\/festival-traminca-3-0\/\" rel=\"bookmark\">Festival traminca 3.0<\/a><\/h2><!-- Event Content --><div class=\"ect-event-content\"><p>Unato\u010d koroni, koja ne posustaje i cijeli dru\u0161tveni \u017eivot dr\u017ei u neizvjesnosti, organizatori Festivala traminca najavljuju za 21. i 22. svibnja tre\u0107e izdanje ove vinske fe\u0161te koja, prije svega, slavi...<\/p>\n<a href=\"https:\/\/vinacroatia.hr\/en\/event\/festival-traminca-3-0\/\" class=\"ect-events-read-more\" rel=\"bookmark\">Find out more &raquo;<\/a><\/div><\/div><div class=\"ect-list-venue default-venue\"><span class=\"ect-icon\"><i class=\"ect-icon-location\"><\/i><\/span><!-- Event Venue Info -->\r\n                 <span class=\"ect-venue-details ect-address\">\r\n                 <div>Ilok,<span class=\"tribe-address\">\n\n\n\n\n\n\t<span class=\"tribe-country-name\">Croatia (Local Name: Hrvatska)<\/span>\n\n<\/span>\n<\/div><span class=\"ect-google\"><a class=\"tribe-events-gmap\" href=\"https:\/\/maps.google.com\/maps?f=q&#038;source=s_q&#038;hl=en&#038;geocode=&#038;q=Croatia+%28Local+Name%3A+Hrvatska%29\" title=\"Click to view a Google Map\" target=\"_blank\" rel=\"noreferrer noopener\">+ Google Map<\/a><\/span><\/span><\/div><\/div><\/div><!-- right-wrapper close --><\/div><!-- event-loop-end --><\/div><\/div>\n","protected":false},"excerpt":{"rendered":"","protected":false},"author":7,"featured_media":4800,"parent":0,"menu_order":0,"comment_status":"closed","ping_status":"closed","template":"","meta":{"_kad_post_transparent":"","_kad_post_title":"","_kad_post_layout":"","_kad_post_sidebar_id":"","_kad_post_content_style":"","_kad_post_vertical_padding":"","_kad_post_feature":"","_kad_post_feature_position":"","_kad_post_header":false,"_kad_post_footer":false},"_links":{"self":[{"href":"https:\/\/vinacroatia.hr\/en\/wp-json\/wp\/v2\/pages\/5671"}],"collection":[{"href":"https:\/\/vinacroatia.hr\/en\/wp-json\/wp\/v2\/pages"}],"about":[{"href":"https:\/\/vinacroatia.hr\/en\/wp-json\/wp\/v2\/types\/page"}],"author":[{"embeddable":true,"href":"https:\/\/vinacroatia.hr\/en\/wp-json\/wp\/v2\/users\/7"}],"replies":[{"embeddable":true,"href":"https:\/\/vinacroatia.hr\/en\/wp-json\/wp\/v2\/comments?post=5671"}],"version-history":[{"count":2,"href":"https:\/\/vinacroatia.hr\/en\/wp-json\/wp\/v2\/pages\/5671\/revisions"}],"predecessor-version":[{"id":5673,"href":"https:\/\/vinacroatia.hr\/en\/wp-json\/wp\/v2\/pages\/5671\/revisions\/5673"}],"wp:featuredmedia":[{"embeddable":true,"href":"https:\/\/vinacroatia.hr\/en\/wp-json\/wp\/v2\/media\/4800"}],"wp:attachment":[{"href":"https:\/\/vinacroatia.hr\/en\/wp-json\/wp\/v2\/media?parent=5671"}],"curies":[{"name":"wp","href":"https:\/\/api.w.org\/{rel}","templated":true}]}}